{"id":1559,"date":"2016-11-09T20:13:56","date_gmt":"2016-11-09T20:13:56","guid":{"rendered":"http:\/\/madeinslow.com\/?page_id=1559"},"modified":"2016-11-09T20:50:29","modified_gmt":"2016-11-09T20:50:29","slug":"aviso-legal","status":"publish","type":"page","link":"https:\/\/madeinslow.com\/en\/aviso-legal\/","title":{"rendered":"Legal notice"},"content":{"rendered":"<h4><strong>Informacion del titular<\/strong><\/h4>\n<p style=\"text-align: left;\"><span style=\"font-size: 14pt;\">En cumplimiento de la Ley 34\/2002, de 11 de julio, de Servicios de la Sociedad de la Informaci\u00f3n y de Comercio Electr\u00f3nico, le informamos que el titular del sitio web www.madeinslow.com es:<\/span><\/p>\n<p style=\"text-align: left;\">Raz\u00f3n social: Eresdivina, S.L. NIF: B-24574287 Direcci\u00f3n social: Plaza del Vizconde 1-1\u00ba izqda &#8211; 24003 Le\u00f3n, Espa\u00f1a Correo electr\u00f3nico: info@madeinslow.com<\/p>\n<h4 style=\"text-align: left;\"><strong>Condiciones generales de uso de este sitio web<\/strong><\/h4>\n<p style=\"text-align: left;\"><span style=\"font-size: 14pt;\">El acceso a esta p\u00e1gina web le atribuye la condici\u00f3n de &#8220;Usuario&#8221;, implicando su aceptaci\u00f3n expresa y sin reservas de las condiciones generales que est\u00e9n publicadas en www.madeinslow.com, en el momento en que acceda a la web. Por lo tanto, el Usuario deber\u00e1 leer las presentes condiciones generales de uso, en cada una de las ocasiones en que se proponga acceder y en su caso utilizar los servicios prestados a trav\u00e9s de esta web, ya que \u00e9stas pueden sufrir modificaciones.<\/span><br \/>\n<span style=\"font-size: 14pt;\">En este sentido, se entender\u00e1 por &#8220;Usuario&#8221; a la persona que acceda, navegue, utilice o participe en los servicios y actividades, gratuitas u onerosas, desarrolladas en www.madeinslow.com <\/span><\/p>\n<p style=\"text-align: left;\"><span style=\"font-size: 12pt;\"><strong> Objeto y \u00e1mbito de aplicaci\u00f3n<\/strong><\/span><\/p>\n<p style=\"text-align: left;\"><span style=\"font-size: 14pt;\">Las presentes condiciones generales de uso, regulan el acceso, navegaci\u00f3n y uso de www.madeinslow.com as\u00ed como las responsabilidades derivadas de la utilizaci\u00f3n de sus contenidos tales como los textos, gr\u00e1ficos, dibujos, dise\u00f1os, c\u00f3digos, software, fotograf\u00edas, m\u00fasica, v\u00eddeos, sonidos, bases de datos, im\u00e1genes, expresiones e informaciones, as\u00ed como cualquier otra creaci\u00f3n protegida por las leyes nacionales y los tratados internacionales sobre propiedad intelectual e industrial.<\/span><br \/>\n<span style=\"font-size: 14pt;\">Made in Slow podr\u00e1 establecer condiciones particulares que ser\u00e1n de aplicaci\u00f3n para el uso y\/o contrataci\u00f3n de servicios espec\u00edficos siendo las presentes condiciones generales de aplicaci\u00f3n supletoria.<\/span><\/p>\n<p style=\"text-align: left;\"><span style=\"font-size: 12pt;\"><strong>Condiciones acceso y utilizaci\u00f3n de los servicios<\/strong><\/span><\/p>\n<p style=\"text-align: left;\"><span style=\"font-size: 14pt;\">a) El acceso a www.madeinslow.com en principio tiene car\u00e1cter libre y gratuito. No obstante, algunos de los servicios y contenidos, pueden encontrarse sujetos a la contrataci\u00f3n previa del servicio o producto, siendo de aplicaci\u00f3n en esos casos, las condiciones particulares creadas al efecto que Made in Slow pondr\u00e1 a su disposici\u00f3n previamente a la contrataci\u00f3n.<\/span><br \/>\n<span style=\"font-size: 14pt;\">b) Los menores que pretendan hacer uso de los servicios contenidos en este sitio web deber\u00e1n contar con el consentimiento previo de sus padres, tutores o representantes legales, siendo \u00e9stos los \u00fanicos responsables de los actos realizados por los menores a su cargo.<\/span><br \/>\n<span style=\"font-size: 14pt;\">c) En todo momento, el Usuario debe realizar un uso l\u00edcito de los servicios de la presente web, de acuerdo con las presentes condiciones generales, la legalidad vigente, la moral y el orden p\u00fablico as\u00ed como las pr\u00e1cticas generalmente aceptadas en Internet.<\/span><br \/>\n<span style=\"font-size: 14pt;\">d) El Usuario garantiza que toda la informaci\u00f3n aportada a trav\u00e9s de los formularios de suscripci\u00f3n incluidos en esta web es l\u00edcita, real, exacta, veraz y actualizada. Ser\u00e1 exclusiva responsabilidad del Usuario la comunicaci\u00f3n inmediata a Made in Slow de cualquier modificaci\u00f3n que pueda darse en la informaci\u00f3n suministrada.<\/span><br \/>\n<span style=\"font-size: 14pt;\">e) El Usuario se abstendr\u00e1 de: introducir virus, programas, macros o cualquier secuencia de caracteres con la finalidad de da\u00f1ar o alterar los sistemas inform\u00e1ticos de esta web; obstaculizar el acceso de otros usuarios mediante el consumo masivo de recursos; captar datos incluidos en esta web con finalidad publicitaria; reproducir, copiar, distribuir, transformar o poner a disposici\u00f3n de terceros los contenidos incluidos en esta web; realizar acciones a trav\u00e9s de los servicios incluidos es esta web que puedan lesionar la propiedad intelectual, secretos industriales, compromisos contractuales, derechos al honor, a la imagen y la intimidad personal de terceros; realizar acciones de competencia desleal y publicidad il\u00edcita.<\/span><\/p>\n<p style=\"text-align: left;\"><span style=\"font-size: 12pt;\"><strong>Derechos de propiedad intelectual e industrial<\/strong><\/span><\/p>\n<p style=\"text-align: left;\"><span style=\"font-size: 14pt;\">Eresdivina, S.L. es titular de los derechos de propiedad intelectual e industrial de todos los elementos que integran www.madeinslow.com, incluyendo la marca, nombre comercial o signo distintivo. En particular y a t\u00edtulo no limitativo, est\u00e1n protegidos por los derechos de autor, el dise\u00f1o gr\u00e1fico, c\u00f3digo fuente, logos, textos, gr\u00e1ficos, ilustraciones, fotograf\u00edas, sonidos y dem\u00e1s elementos contenidos en sitio web.<\/span><br \/>\n<span style=\"font-size: 14pt;\">En ning\u00fan caso el acceso o navegaci\u00f3n en www.madeinslow.com, implica renuncia, transmisi\u00f3n o licencia total o parcial de Eresdvina, S.L., para uso personal al Usuario sobre sus derechos de propiedad intelectual e industrial.<\/span><br \/>\n<span style=\"font-size: 14pt;\">Por ello, el Usuario reconoce que la reproducci\u00f3n, copiado, distribuci\u00f3n, comercializaci\u00f3n, transformaci\u00f3n, reutilizaci\u00f3n, comunicaci\u00f3n p\u00fablica y en general, cualquier otra forma de explotaci\u00f3n, por cualquier procedimiento, de todo o parte de los contenidos de www.madeinslow.com, sin autorizaci\u00f3n expresa y por escrito de Eresdivina, S.L., constituye una infracci\u00f3n de sus derechos de propiedad intelectual y\/o industrial.<\/span><br \/>\n<span style=\"font-size: 14pt;\">Toda la informaci\u00f3n que no tenga la consideraci\u00f3n de dato personal transmitida voluntariamente a www.madeinslow.com a trav\u00e9s de Internet (incluyendo cualquier observaci\u00f3n, sugerencia, idea, gr\u00e1ficos, etc.) pasar\u00e1 a ser propiedad exclusiva de Eresdivina, S.L. que ostentar\u00e1 los derechos ilimitados de uso, sin devengar por ello ninguna compensaci\u00f3n a su favor, ni a favor de ninguna otra persona.<\/span><\/p>\n<h4 style=\"text-align: left;\"><strong>R\u00e9gimen de responsabilidades y garant\u00edas<\/strong><\/h4>\n<p style=\"text-align: left;\"><span style=\"font-size: 14pt;\">Eresdivina, S.L. no garantiza la licitud, fiabilidad, utilidad, veracidad o exactitud de los servicios o de la informaci\u00f3n incluida en www.madeinslow.com, por tanto excluye cualquier responsabilidad directa o indirecta por da\u00f1os y perjuicios de toda naturaleza, derivada de la defraudaci\u00f3n de utilidad o expectativas que el Usuario haya depositado en la misma.<\/span><br \/>\n<span style=\"font-size: 14pt;\">Eresdivina, S.L. declara que ha adoptado las medidas tanto t\u00e9cnicas como organizativas, que dentro de sus posibilidades y el estado de la tecnolog\u00eda, permitan el correcto funcionamiento de la web as\u00ed como la ausencia de virus y componentes da\u00f1inos, sin embargo no puede hacerse responsable de: (a) la continuidad y disponibilidad de los contenidos y servicios recogidos en www.madeinslow.com (b) la ausencia de errores en dichos contenidos ni la correcci\u00f3n de cualquier defecto que pudiera ocurrir; (c) la ausencia de virus y\/o dem\u00e1s componentes da\u00f1inos en www.madeinslow.com; (d) la inexpugnabilidad de las medidas de seguridad que se han adoptado; (e) los da\u00f1os o perjuicios que cause cualquier persona que vulnere los sistemas de seguridad de www.madeinslow.com<\/span><br \/>\n<span style=\"font-size: 14pt;\">El Usuario ser\u00e1 el \u00fanico responsable ante terceros, de cualquier comunicaci\u00f3n enviada personalmente o a su nombre a www.madeinslow.com as\u00ed como del uso ileg\u00edtimo de los contenidos y servicios contenidos en esta web.<\/span><br \/>\n<span style=\"font-size: 14pt;\">Eresdivina, S.L. se reserva el derecho a suspender temporalmente y sin previo aviso, la accesibilidad a www.madeinslow.com con motivo de operaciones de mantenimiento, reparaci\u00f3n, actualizaci\u00f3n o mejora. Siempre que las circunstancias lo permitan Made in Slow publicar\u00e1 en su web, con antelaci\u00f3n suficiente, un aviso indicando la fecha prevista para la suspensi\u00f3n de los servicios.<\/span><br \/>\n<span style=\"font-size: 14pt;\">Los enlaces a otras p\u00e1ginas web que en su caso existan en www.madeinslow.com pueden llevarle a sitios web de los que Eresdivina, S.L. no asume ninguna responsabilidad, ya que no tiene ning\u00fan tipo de control sobre los mismos, siendo su finalidad, informar al Usuario de otras fuentes de informaci\u00f3n, por lo que el Usuario accede bajo su exclusiva responsabilidad al contenido y en las condiciones de uso que rijan en los mismos.<\/span><br \/>\n<span style=\"font-size: 14pt;\">Eresdivina, S.L. no se responsabiliza del uso que los Usuarios puedan hacer de los contenidos y servicios incluidos en su web. En consecuencia no garantiza que el uso que los Usuarios puedan hacer de los contenidos y servicios referidos, se ajusten a las presentes condiciones generales de uso, ni que lo hagan de forma diligente.<\/span><\/p>\n<h4 style=\"text-align: left;\"><strong>Pol\u00edtica de privacidad<\/strong><\/h4>\n<p style=\"text-align: left;\"><span style=\"font-size: 14pt;\">En todo momento, en nuestro sitio web se cumple con la normativa vigente en materia de protecci\u00f3n de datos (Ley Org\u00e1nica 15\/1999 de 13 dediciembre de Protecci\u00f3n de Datos de Car\u00e1cter Personal, el Real Decreto 1720\/2007 de 21 de diciembre por el que se aprueba el Reglamento de desarrollo de la Ley Org\u00e1nica y dem\u00e1s normativa vigente). Para m\u00e1s informaci\u00f3n sobre el tratamiento de tus datos y para que conozcas la pol\u00edtica de privacidad de esta web, puedes pinchar en este enlace: <a href=\"http:\/\/madeinslow.com\/politica-de-privacidad\/\" target=\"_blank\">Pol\u00edtica de privacidad<\/a><\/span><\/p>\n<h4 style=\"text-align: left;\"><strong>Pol\u00edtica de cookies<\/strong><\/h4>\n<p style=\"text-align: left;\"><span style=\"font-size: 14pt;\"> Esta web utiliza cookies propias y de terceros. Seguidamente dejamos el enlace a nuestra <a href=\"http:\/\/madeinslow.com\/politica-de-cookies\/\" target=\"_blank\">pol\u00edtica de cookies<\/a>,donde puedes consultar toda la informaci\u00f3n detallada.<\/span><\/p>\n<h4 style=\"text-align: left;\"><strong>Modificaci\u00f3n del contenido del aviso legal<\/strong><\/h4>\n<p style=\"text-align: left;\"><span style=\"font-size: 14pt;\"> Estas condiciones podr\u00e1n ser modificadas en cualquier momento, atendiendo a la evoluci\u00f3n de esta web y los contenidos en ella ofrecidos, por lo que el Usuario deber\u00e1 leer periodicamente dichas condiciones de uso.<\/span><\/p>\n<h4 style=\"text-align: left;\"><strong>Legislaci\u00f3n aplicable y competencia jurisdiccional<\/strong><\/h4>\n<p style=\"text-align: left;\"><span style=\"font-size: 14pt;\">Las relaciones establecidas entre Eresdivina, S.L. y el Usuario se regir\u00e1n por lo dispuesto en la normativa vigente acerca de la legislaci\u00f3n aplicable y la jurisdicci\u00f3n competente. No obstante, para los casos en que la normativa prevea la posibilidad a las partes de someterse a un fuero, Eresdivina, S.L. y el Usuario, con renuncia a cualquier otro fuero que pudiera corresponderles, se someten a los Juzgados y Tribunales de la ciudad de Le\u00f3n<\/span><\/p>\n<p>&nbsp;<\/p>\n","protected":false},"excerpt":{"rendered":"<p>Informacion del titular En cumplimiento de la Ley 34\/2002, de 11 de julio, de Servicios de la Sociedad de la.<\/p>\n","protected":false},"author":1,"featured_media":0,"parent":0,"menu_order":0,"comment_status":"closed","ping_status":"closed","template":"","meta":{"footnotes":""},"class_list":["post-1559","page","type-page","status-publish","hentry"],"_links":{"self":[{"href":"https:\/\/madeinslow.com\/en\/wp-json\/wp\/v2\/pages\/1559","targetHints":{"allow":["GET"]}}],"collection":[{"href":"https:\/\/madeinslow.com\/en\/wp-json\/wp\/v2\/pages"}],"about":[{"href":"https:\/\/madeinslow.com\/en\/wp-json\/wp\/v2\/types\/page"}],"author":[{"embeddable":true,"href":"https:\/\/madeinslow.com\/en\/wp-json\/wp\/v2\/users\/1"}],"replies":[{"embeddable":true,"href":"https:\/\/madeinslow.com\/en\/wp-json\/wp\/v2\/comments?post=1559"}],"version-history":[{"count":0,"href":"https:\/\/madeinslow.com\/en\/wp-json\/wp\/v2\/pages\/1559\/revisions"}],"wp:attachment":[{"href":"https:\/\/madeinslow.com\/en\/wp-json\/wp\/v2\/media?parent=1559"}],"curies":[{"name":"wp","href":"https:\/\/api.w.org\/{rel}","templated":true}]}}