{"id":1561,"date":"2016-11-09T20:18:14","date_gmt":"2016-11-09T20:18:14","guid":{"rendered":"http:\/\/madeinslow.com\/?page_id=1561"},"modified":"2016-11-09T20:46:10","modified_gmt":"2016-11-09T20:46:10","slug":"politica-de-privacidad","status":"publish","type":"page","link":"https:\/\/madeinslow.com\/en\/politica-de-privacidad\/","title":{"rendered":"Pol\u00edtica de privacidad"},"content":{"rendered":"<p><span style=\"font-size: 14pt;\">En cumplimiento de la Ley Org\u00e1nica 15\/1999, de 13 de diciembre, de Protecci\u00f3n de Datos de Car\u00e1cter Personal (LOPD), le informamos que los datos personales que nos suministre a trav\u00e9s de la p\u00e1gina web www.madeinslow.com, ser\u00e1n tratados de forma confidencial y pasar\u00e1n a formar parte de un fichero automatizado que ha sido debidamente inscrito en la Agencia Espa\u00f1ola de Protecci\u00f3n de Datos. <\/span><br \/>\n<span style=\"font-size: 14pt;\"> Sus datos personales ser\u00e1n utilizados con la finalidad que se indique en las p\u00e1ginas donde se encuentre el formulario electr\u00f3nico de recogida de datos personales. Asimismo, podr\u00e1n ser conservados para contestar a su solicitud y para el env\u00edo (por canales ordinarios o electr\u00f3nicos) de informaci\u00f3n relacionada con nuestra actividad que pueda resultar de su inter\u00e9s, hasta que nos indique lo contrario. <\/span><br \/>\n<span style=\"font-size: 14pt;\"> El Usuario garantiza que los Datos Personales facilitados son veraces y se hace responsable de comunicar cualquier modificaci\u00f3n en los mismos. El Usuario ser\u00e1 el \u00fanico responsable de cualquier da\u00f1o o perjuicio, directo o indirecto, que pudiera ocasionar a Made in Slow o a cualquier tercero a causa de la cumplimentaci\u00f3n de los formularios con datos falsos, inexactos, incompletos o no actualizados. El Usuario no deber\u00e1 incluir datos personales de terceros sin su consentimiento informado previo de lo establecido en la presente pol\u00edtica de privacidad, siendo el \u00fanico responsable de su introducci\u00f3n.<\/span><br \/>\n<span style=\"font-size: 14pt;\"> Se advierte a los ni\u00f1os y j\u00f3venes menores de 18 a\u00f1os que han de tener el permiso de sus padres o tutores para proporcionar datos personales en el presente sitio web. Made in Slow ha adoptado las medidas necesarias para evitar la alteraci\u00f3n, p\u00e9rdida, tratamiento o acceso no autorizado de los datos personales, habida cuenta en todo momento del estado de la tecnolog\u00eda, la naturaleza de los datos almacenados y los riesgos a que est\u00e1n expuestos, ya provengan de la acci\u00f3n humana o del medio f\u00edsico o natural, no obstante, el Usuario debe ser consciente de que las medidas de seguridad en Internet no son inexpugnables. En ningun caso Made in Slow transmite de ning\u00fan modo, informaci\u00f3n o datos de car\u00e1cter personal de sus usuarios a terceros.<br \/>\n<\/span><\/p>\n<p><span style=\"font-size: 14pt;\">Asimismo le informamos que puede ejercitar sus derechos de acceso, rectificaci\u00f3n, cancelaci\u00f3n y oposici\u00f3n con arreglo a lo previsto en la LOPD, enviando un email a <span style=\"text-decoration: underline;\"><a href=\"mailto:baja@madeinslow.com\">baja@madeinslow.com<\/a><\/span> , junto con la fotocopia de su D.N.I. La no cumplimentaci\u00f3n de los campos, indicados como obligatorios, que aparecen en cualquier formulario de registro electr\u00f3nico, podr\u00e1 tener como consecuencia que Made in Slow no pueda atender a su solicitud.<\/span><\/p>\n","protected":false},"excerpt":{"rendered":"<p>En cumplimiento de la Ley Org\u00e1nica 15\/1999, de 13 de diciembre, de Protecci\u00f3n de Datos de Car\u00e1cter Personal (LOPD), le.<\/p>\n","protected":false},"author":1,"featured_media":0,"parent":0,"menu_order":0,"comment_status":"closed","ping_status":"closed","template":"","meta":{"footnotes":""},"class_list":["post-1561","page","type-page","status-publish","hentry"],"_links":{"self":[{"href":"https:\/\/madeinslow.com\/en\/wp-json\/wp\/v2\/pages\/1561","targetHints":{"allow":["GET"]}}],"collection":[{"href":"https:\/\/madeinslow.com\/en\/wp-json\/wp\/v2\/pages"}],"about":[{"href":"https:\/\/madeinslow.com\/en\/wp-json\/wp\/v2\/types\/page"}],"author":[{"embeddable":true,"href":"https:\/\/madeinslow.com\/en\/wp-json\/wp\/v2\/users\/1"}],"replies":[{"embeddable":true,"href":"https:\/\/madeinslow.com\/en\/wp-json\/wp\/v2\/comments?post=1561"}],"version-history":[{"count":0,"href":"https:\/\/madeinslow.com\/en\/wp-json\/wp\/v2\/pages\/1561\/revisions"}],"wp:attachment":[{"href":"https:\/\/madeinslow.com\/en\/wp-json\/wp\/v2\/media?parent=1561"}],"curies":[{"name":"wp","href":"https:\/\/api.w.org\/{rel}","templated":true}]}}