{"id":1563,"date":"2016-11-09T20:26:22","date_gmt":"2016-11-09T20:26:22","guid":{"rendered":"http:\/\/madeinslow.com\/?page_id=1563"},"modified":"2016-11-09T20:44:26","modified_gmt":"2016-11-09T20:44:26","slug":"politica-cookies","status":"publish","type":"page","link":"https:\/\/madeinslow.com\/en\/politica-cookies\/","title":{"rendered":"Pol\u00edtica de cookies"},"content":{"rendered":"<p><span style=\"font-size: 14pt;\">Bienvenido a la web de Made in Slow, como informamos al inicio,  este sitio web  utiliza cookies propias y de terceros para conseguir que la navegaci\u00f3n sea perfecta y para conocer las preferencias de navegaci\u00f3n de nuestros usuarios. Si has accedido y sigues navegando, entendemos que aceptas la instalaci\u00f3n de estas cookies. Sin embargo, el usuario tiene la opci\u00f3n de impedir la generaci\u00f3n de cookies y la eliminaci\u00f3n de las mismas mediante la selecci\u00f3n de la correspondiente opci\u00f3n en su navegador. En caso de bloquear el uso de cookies en su navegador  es posible que algunas  funcionalidades de este sitio web no est\u00e9n disponibles.<\/span><\/p>\n<h4><strong>\u00bfQu\u00e9 es una cookie?<\/strong><\/h4>\n<p><span style=\"font-size: 14pt;\">Las cookies se definen como peque\u00f1os archivos de texto que un sitio web almacena en el navegador del usuario y que tienen como funci\u00f3n facilitar el uso y la navegaci\u00f3n de ese sitio web, siendo en algunos casos esenciales para el funcionamiento de dicho sitio. Para ello, se almacenan los habitos de navegaci\u00f3n del usuario por ese determinado sitio web. Puedes estar totalmente tranquilo porque tu privacidad est\u00e1 a salvo.<\/span><\/p>\n<h4><strong>\u00bfQu\u00e9 cookies utiliza Made in Slow?<\/strong><\/h4>\n<section class=\"services\">\n<div class=\"container text-left\">\n<div class=\"row\">\n<div class=\"services-features\">\n<div class=\"col-md-12\">\n<p><span style=\"font-size: 14pt;\">Nuestro sitio web incorpora cookies para poder ofrecerte la mejor experiencia de navegaci\u00f3n y los contenidos que m\u00e1s pueden interesarte. En ning\u00fan caso se utilizan para recabar informaci\u00f3n de car\u00e1cter personal.<\/span><\/p>\n<p><span style=\"font-size: 12pt;\"><strong>Cookies de Primera Parte<\/strong><\/span><\/p>\n<p><span style=\"font-size: 14pt;\">Son las que instala el sitio web que est\u00e1s visitando; s\u00f3lo ese sitio web podr\u00e1 leer su contenido.<\/span><\/p>\n<p><span style=\"font-size: 12pt;\"><strong>Cookies de Tercera Parte<\/strong><\/span><\/p>\n<p><span style=\"font-size: 14pt;\">Son las que instala una organizaci\u00f3n distinta a la del propietario del sitio web que est\u00e1s visitando. Un ejemplo son los servicios como Google Analytics, que instalan su propia cookie para poder recoger datos y elaborar estad\u00edsticas sobre el rendimiento y el uso del sitio web; otras organizaciones que pueden estar instalando su propia cookie en el sitio web que est\u00e1s visitando son Facebook, Twitter, YouTube y en general cualquiera que est\u00e9 permitiendo a el sitio web que visitas insertar sus contenidos.<\/span><\/p>\n<p><span style=\"font-size: 14pt;\">Las cookies de tercera parte tambi\u00e9n las puede instalar un servicio de publicidad para mostrar anuncios en funci\u00f3n de datos como tu localizaci\u00f3n o tus preferencias de navegaci\u00f3n. Estas cookies tambi\u00e9n pueden servirle para hacer un seguimiento de tu navegaci\u00f3n por diversos sitios webs.<\/span><\/p>\n<p><span style=\"font-size: 12pt;\"><strong>Cookies de Sesi\u00f3n<\/strong><\/span><\/p>\n<p><span style=\"font-size: 14pt;\">Las cookies de sesi\u00f3n se almacenan de forma estrictamente temporal durante la duraci\u00f3n de una sesi\u00f3n de navegaci\u00f3n, y se borran de tu ordenador o de tu m\u00f3vil cuando cierras el navegador.<\/span><\/p>\n<p><span style=\"font-size: 12pt;\"><strong>Cookies Persistentes<\/strong><\/span><\/p>\n<p><span style=\"font-size: 14pt;\">Se instalan por un per\u00edodo fijo (generalmente un a\u00f1o o m\u00e1s) y no se borran al cerrar el navegador. Se utilizan para recabar informaci\u00f3n que se aplique de una sesi\u00f3n a otra, como, por ejemplo, para recordar tus preferencias la pr\u00f3xima vez que accedas al sitio web.<\/span><\/p>\n<p><span style=\"font-size: 12pt;\"><strong>Cookies de Anal\u00edtica Web<\/strong><\/span><\/p>\n<p><span style=\"font-size: 14pt;\">Nuestro sitio web utiliza el servicio de anal\u00edtica Google Analytics para recabar datos como la cantidad de visitas que recibe, cu\u00e1l es el tiempo medio de una visita o qu\u00e9 p\u00e1ginas han sido m\u00e1s visitadas. La cookie de primera parte que permite realizar este seguimiento s\u00f3lo se utiliza con fines estad\u00edsticos y no recoge datos de car\u00e1cter personal.<\/span><\/p>\n<p><span style=\"font-size: 14pt;\">Google Analytics es utilizado por muchos sitios webs para optimizar sus p\u00e1ginas y ofrecerte los contenidos que m\u00e1s pueden interesarte, pero si no quieres que recabe datos sobre tu navegaci\u00f3n puedes instalar en tu navegador el complemento de inhabilitaci\u00f3n para navegadores de Google Analytics,. aunque te recordamos que tu navegaci\u00f3n es totalmente an\u00f3nima.<\/span><\/p>\n<p><span style=\"font-size: 14pt;\">Este sitio web utiliza tecnolog\u00eda &#8220;cookies&#8221; por utilizar el servicio Google Analytics, prestado por Google, Inc., una compa\u00f1\u00eda de Delaware cuya oficina principal est\u00e1 en 1600 Amphitheatre Parkway, Mountain View (California), CA 94043, Estados Unidos (&#8220;Google&#8221;).<\/span><\/p>\n<p><span style=\"font-size: 14pt;\">Google Analytics utiliza &#8220;cookies&#8221;, que son archivos de texto ubicados en su ordenador, para ayudar al website a analizar el uso que hacen los usuarios del sitio web. La informaci\u00f3n que genera la cookie acerca de su uso del sitio web (incluyendo su direcci\u00f3n IP) ser\u00e1 directamente transmitida y archivada por Google en los servidores de Estados Unidos. Google usar\u00e1 esta informaci\u00f3n  con el prop\u00f3sito de seguir la pista de su uso del sitio web, recopilando informes de la actividad del sitio web y prestando otros servicios relacionados con la actividad del sitio web y el uso de Internet. Google podr\u00e1 transmitir dicha informaci\u00f3n a terceros cuando as\u00ed se lo requiera la legislaci\u00f3n, o cuando dichos terceros procesen la informaci\u00f3n por cuenta de Google.<\/span><\/p>\n<p><span style=\"font-size: 14pt;\">Google no asociar\u00e1 su direcci\u00f3n IP con ning\u00fan otro dato del que disponga Google.<\/span><\/p>\n<p><span style=\"font-size: 14pt;\">Usted puede rechazar el tratamiento de los datos o la informaci\u00f3n rechazando el uso de cookies mediante la selecci\u00f3n de la configuraci\u00f3n apropiada de su navegador, sin embargo, debe saber que si lo hace puede ser que no pueda usar la plena funcionabilidad de este sitio web.<\/span><\/p>\n<p><span style=\"font-size: 14pt;\">Al utilizar este sitio web Ud. consiente el tratamiento de informaci\u00f3n acerca de Ud. por Google en la forma y para los fines arriba indicados.<\/span><\/p>\n<h4><strong>C\u00f3mo configurar las cookies<\/strong><\/h4>\n<p><span style=\"font-size: 14pt;\">Todas nuestras cookies,  puedes gestionarlas desde tu navegador, normalmente en la secci\u00f3n \u201cOpciones\u201d o \u201cPreferencias\u201d.<\/span><\/p>\n<p><span style=\"font-size: 14pt;\">Puedes desactivarlas del todo, en cuyo caso tu navegador no permitir\u00e1 que se instale ninguna, o s\u00f3lo las que provenga de determinados sitios webs: esta \u00faltima es una buena opci\u00f3n para poder disfrutar de las funcionalidades avanzadas de las webs que respetan la privacidad de tus datos y excluir aquellas que no lo hagan.<\/span><\/p>\n<p><span style=\"font-size: 14pt;\">Todos los navegadores cuentan con una secci\u00f3n de ayuda que te indicar\u00e1 c\u00f3mo gestionarlas . En los siguientes enlaces encontraras las instrucciones para cada uno de los principales navegadores.<\/span><\/p>\n<p><span style=\"font-size: 14pt;\"><a href=\"https:\/\/support.microsoft.com\/es-es\/kb\/196955\" target=\"_blank\">Configuraci\u00f3n de cookies en Internet Explorer<\/a><\/span><\/p>\n<p><span style=\"font-size: 14pt;\"><a href=\"https:\/\/support.mozilla.org\/es\/kb\/habilitar-y-deshabilitar-cookies-sitios-web-rastrear-preferencias\" target=\"_blank\">Configuraci\u00f3n de cookies en Firefox<\/a><\/span><\/p>\n<p><span style=\"font-size: 14pt;\"><a href=\"https:\/\/support.google.com\/chrome\/answer\/95647?hl=es&amp;hlrm=en\" target=\"_blank\">Configuraci\u00f3n de cookies en Chrome<\/a><\/span><\/p>\n<p><span style=\"font-size: 14pt;\"><a href=\"http:\/\/www.apple.com\/legal\/privacy\/es\/cookies\/\" target=\"_blank\">Configuraci\u00f3n de cookies en Safari<\/a><\/span><\/p>\n<p><span style=\"font-size: 14pt;\"><a href=\"http:\/\/help.opera.com\/Windows\/11.50\/es-ES\/cookies.html\" target=\"_blank\">Configuraci\u00f3n de cookies en Opera<\/a><\/span><\/p>\n<\/div>\n<\/div>\n<\/div>\n<\/div>\n<\/section>\n<p><span style=\"font-size: 14pt;\">El usuario puede revocar su consentimiento para el uso de cookies en su navegador a trav\u00e9s de los enlaces anteriores. El usuario debe tener en cuenta que alguna caracter\u00edsticas de los contenidos de nuestro sitio web solo est\u00e1n dosponibles si se permite la instalaci\u00f3n de cookies en su navegador. Si decide no aceptar o bloquear determinadas cookies (en funci\u00f3n de su finalidad), puede que esto afecte, total o parcialmente, al funcionamiento normal del sitio web o que impida el acceso a algunos servicios del mismo.<\/span><\/p>\n","protected":false},"excerpt":{"rendered":"<p>Bienvenido a la web de Made in Slow, como informamos al inicio, este sitio web utiliza cookies propias y de.<\/p>\n","protected":false},"author":1,"featured_media":0,"parent":0,"menu_order":0,"comment_status":"closed","ping_status":"closed","template":"","meta":{"footnotes":""},"class_list":["post-1563","page","type-page","status-publish","hentry"],"_links":{"self":[{"href":"https:\/\/madeinslow.com\/en\/wp-json\/wp\/v2\/pages\/1563","targetHints":{"allow":["GET"]}}],"collection":[{"href":"https:\/\/madeinslow.com\/en\/wp-json\/wp\/v2\/pages"}],"about":[{"href":"https:\/\/madeinslow.com\/en\/wp-json\/wp\/v2\/types\/page"}],"author":[{"embeddable":true,"href":"https:\/\/madeinslow.com\/en\/wp-json\/wp\/v2\/users\/1"}],"replies":[{"embeddable":true,"href":"https:\/\/madeinslow.com\/en\/wp-json\/wp\/v2\/comments?post=1563"}],"version-history":[{"count":0,"href":"https:\/\/madeinslow.com\/en\/wp-json\/wp\/v2\/pages\/1563\/revisions"}],"wp:attachment":[{"href":"https:\/\/madeinslow.com\/en\/wp-json\/wp\/v2\/media?parent=1563"}],"curies":[{"name":"wp","href":"https:\/\/api.w.org\/{rel}","templated":true}]}}